{"id":1020,"date":"2024-01-03T16:56:20","date_gmt":"2024-01-03T16:56:20","guid":{"rendered":"https:\/\/zielonyjamnik.pl\/?page_id=1020"},"modified":"2025-03-06T11:03:26","modified_gmt":"2025-03-06T10:03:26","slug":"contact-1-2","status":"publish","type":"page","link":"https:\/\/zielonyjamnik.pl\/?page_id=1020","title":{"rendered":"Kontakt"},"content":{"rendered":"\n<figure class=\"wp-block-image size-full\"><img decoding=\"async\" width=\"152\" height=\"129\" src=\"https:\/\/zielonyjamnik.pl\/wp-content\/uploads\/2025\/03\/contact_icon.webp\" alt=\"\" class=\"wp-image-1086\"\/><\/figure>\n\n\n\n<p>&#8222;Fundacja Zielony Jamnik &#8211; na ratunek bezbronnym&#8221;,<br>ul. Obornicka 46, Bolechowo &#8211; Osiedle, 62-005 Owi\u0144ska,<br><a href=\"mailto:fundacja@zielonyjamnik.pl\">fundacja@zielonyjamnik.pl<\/a><br>tel.<a href=\"tel:+48616672333\">+48 61 667 2333<\/a><br>NIP 777 32 24 283<br><br>KONTO FUNDACJI PL<br>57 1020 4027 0000 1502 1007 3676<\/p>\n\n\n\n<p>Zanim skontaktujecie sie Pa\u0144stwo z nasz\u0105 Fundacj\u0105 uprzejmie prosimy o zapoznanie si\u0119 z informacj\u0105 o przetwarzaniu danych osobowych darczy\u0144c\u00f3w, podopiecznych oraz os\u00f3b ubiegaj\u0105cych si\u0119 o pomoc od Fundacji. <a href=\"\/wp-content\/uploads\/2025\/03\/polityka_prywatnosci_www.zielonyjamnik.pdf\" target=\"_blank\" rel=\"noreferrer noopener\"><br><br>Tre\u015b\u0107 informacji &#8211; kliknij.<\/a><\/p>\n\n\n\n<div class=\"wp-block-contact-form-7-contact-form-selector\">\n<div class=\"wpcf7 no-js\" id=\"wpcf7-f6-o1\" lang=\"pl-PL\" dir=\"ltr\" data-wpcf7-id=\"6\">\n<div class=\"screen-reader-response\"><p role=\"status\" aria-live=\"polite\" aria-atomic=\"true\"><\/p> <ul><\/ul><\/div>\n<form action=\"\/index.php?rest_route=%2Fwp%2Fv2%2Fpages%2F1020#wpcf7-f6-o1\" method=\"post\" class=\"wpcf7-form init\" aria-label=\"Formularz kontaktowy\" novalidate=\"novalidate\" data-status=\"init\">\n<fieldset class=\"hidden-fields-container\"><input type=\"hidden\" name=\"_wpcf7\" value=\"6\" \/><input type=\"hidden\" name=\"_wpcf7_version\" value=\"6.1.5\" \/><input type=\"hidden\" name=\"_wpcf7_locale\" value=\"pl_PL\" \/><input type=\"hidden\" name=\"_wpcf7_unit_tag\" value=\"wpcf7-f6-o1\" \/><input type=\"hidden\" name=\"_wpcf7_container_post\" value=\"0\" \/><input type=\"hidden\" name=\"_wpcf7_posted_data_hash\" value=\"\" \/><input type=\"hidden\" name=\"_wpcf7_recaptcha_response\" value=\"\" \/>\n<\/fieldset>\n<p><label> Twoje imi\u0119 i nazwisko<br \/>\n<span class=\"wpcf7-form-control-wrap\" data-name=\"your-name\"><input size=\"40\" maxlength=\"400\" class=\"wpcf7-form-control wpcf7-text wpcf7-validates-as-required\" autocomplete=\"name\" aria-required=\"true\" aria-invalid=\"false\" value=\"\" type=\"text\" name=\"your-name\" \/><\/span> <\/label>\n<\/p>\n<p><label> Tw\u00f3j adres e-mail<br \/>\n<span class=\"wpcf7-form-control-wrap\" data-name=\"your-email\"><input size=\"40\" maxlength=\"400\" class=\"wpcf7-form-control wpcf7-email wpcf7-validates-as-required wpcf7-text wpcf7-validates-as-email\" autocomplete=\"email\" aria-required=\"true\" aria-invalid=\"false\" value=\"\" type=\"email\" name=\"your-email\" \/><\/span> <\/label>\n<\/p>\n<p><label> Temat<br \/>\n<span class=\"wpcf7-form-control-wrap\" data-name=\"your-subject\"><input size=\"40\" maxlength=\"400\" class=\"wpcf7-form-control wpcf7-text wpcf7-validates-as-required\" aria-required=\"true\" aria-invalid=\"false\" value=\"\" type=\"text\" name=\"your-subject\" \/><\/span> <\/label>\n<\/p>\n<p><label> Twoja wiadomo\u015bci (opcjonalne)<br \/>\n<span class=\"wpcf7-form-control-wrap\" data-name=\"your-message\"><textarea cols=\"40\" rows=\"10\" maxlength=\"2000\" class=\"wpcf7-form-control wpcf7-textarea\" aria-invalid=\"false\" name=\"your-message\"><\/textarea><\/span> <\/label>\n<\/p>\n<p><input class=\"wpcf7-form-control wpcf7-submit has-spinner\" type=\"submit\" value=\"Wy\u015blij\" \/>\n<\/p><div class=\"wpcf7-response-output\" aria-hidden=\"true\"><\/div>\n<\/form>\n<\/div>\n<\/div>\n","protected":false},"excerpt":{"rendered":"<p>&#8222;Fundacja Zielony Jamnik &#8211; na ratunek bezbronnym&#8221;,ul. Obornicka 46, Bolechowo &#8211; Osiedle, 62-005 Owi\u0144ska,fundacja@zielonyjamnik.pltel.+48 61 667 2333NIP 777 32 24 283 KONTO FUNDACJI PL57 1020 4027 0000 1502 1007 3676 Zanim skontaktujecie sie Pa\u0144stwo z nasz\u0105 Fundacj\u0105 uprzejmie prosimy o zapoznanie si\u0119 z informacj\u0105 o przetwarzaniu danych osobowych darczy\u0144c\u00f3w, podopiecznych oraz os\u00f3b ubiegaj\u0105cych si\u0119 o pomoc od Fundacji. Tre\u015b\u0107 informacji &#8211; kliknij.<\/p>\n","protected":false},"author":1,"featured_media":0,"parent":0,"menu_order":0,"comment_status":"closed","ping_status":"closed","template":"","meta":{"footnotes":""},"class_list":["post-1020","page","type-page","status-publish","hentry"],"_links":{"self":[{"href":"https:\/\/zielonyjamnik.pl\/index.php?rest_route=\/wp\/v2\/pages\/1020","targetHints":{"allow":["GET"]}}],"collection":[{"href":"https:\/\/zielonyjamnik.pl\/index.php?rest_route=\/wp\/v2\/pages"}],"about":[{"href":"https:\/\/zielonyjamnik.pl\/index.php?rest_route=\/wp\/v2\/types\/page"}],"author":[{"embeddable":true,"href":"https:\/\/zielonyjamnik.pl\/index.php?rest_route=\/wp\/v2\/users\/1"}],"replies":[{"embeddable":true,"href":"https:\/\/zielonyjamnik.pl\/index.php?rest_route=%2Fwp%2Fv2%2Fcomments&post=1020"}],"version-history":[{"count":5,"href":"https:\/\/zielonyjamnik.pl\/index.php?rest_route=\/wp\/v2\/pages\/1020\/revisions"}],"predecessor-version":[{"id":1545,"href":"https:\/\/zielonyjamnik.pl\/index.php?rest_route=\/wp\/v2\/pages\/1020\/revisions\/1545"}],"wp:attachment":[{"href":"https:\/\/zielonyjamnik.pl\/index.php?rest_route=%2Fwp%2Fv2%2Fmedia&parent=1020"}],"curies":[{"name":"wp","href":"https:\/\/api.w.org\/{rel}","templated":true}]}}