{"id":1059,"date":"2025-03-04T09:44:04","date_gmt":"2025-03-04T08:44:04","guid":{"rendered":"https:\/\/zielonyjamnik.pl\/?page_id=1059"},"modified":"2025-03-06T09:52:44","modified_gmt":"2025-03-06T08:52:44","slug":"o-nas","status":"publish","type":"page","link":"https:\/\/zielonyjamnik.pl\/?page_id=1059","title":{"rendered":"O nas"},"content":{"rendered":"\n<figure class=\"wp-block-image size-full\"><img fetchpriority=\"high\" decoding=\"async\" width=\"286\" height=\"200\" src=\"https:\/\/zielonyjamnik.pl\/wp-content\/uploads\/2025\/03\/about3650-1.png\" alt=\"\" class=\"wp-image-1529\"\/><\/figure>\n\n\n\n<p>Szeroko poj\u0119ta troska o otoczenie wpisana jest w filozofi\u0119 dzia\u0142ania Solaris Bus &amp; Coach sp. z o.o. Firma w 2012 roku powo\u0142a\u0142a &#8222;Fundacj\u0119 Zielony Jamnik&nbsp;&#8211; na ratunek bezbronnym&#8221;.<\/p>\n\n\n\n<p>Od pocz\u0105tku swojego dzia\u0142ania Fundacja wspiera potrzebuj\u0105cych i bezbronnych. W\u015br\u00f3d jej beneficjent\u00f3w s\u0105 pracownicy Solarisa, mieszka\u0144cy wojew\u00f3dztwa wielkopolskiego, organizacje nios\u0105ce pomoc w sytuacjach nadzwyczajnych. W swoich aktywno\u015bciach fundacja wspiera ludzi nie zapominaj\u0105c jednak o zwierz\u0119tach.<\/p>\n\n\n\n<p>Pracami Fundacji kieruje Rada Fundacji, kt\u00f3rej cz\u0142onkowie dzia\u0142aj\u0105 dobrowolnie w ramach wolontariatu nie pobieraj\u0105c z tego tytu\u0142u jakiegokolwiek wynagrodzenia.<\/p>\n\n\n\n<p>Zgodnie z wymogami Rozporz\u0105dzenia&nbsp;Parlamentu Europejskiego i Rady (UE) 2016\/679 z dnia 27 kwietnia 2016 r. w sprawie ochrony os\u00f3b fizycznych w zwi\u0105zku z przetwarzaniem danych osobowych i w sprawie swobodnego przep\u0142ywu takich danych oraz uchylenia dyrektywy 95\/46\/WE, przekazujemy Pa\u0144stwu informacj\u0119 o przetwarzaniu danych osobowych darczy\u0144c\u00f3w, podopiecznych oraz os\u00f3b ubiegaj\u0105cych si\u0119 o pomoc od Fundacji. Uprzejmie prosimy o zapoznanie si\u0119 z jej tre\u015bci\u0105. <a href=\"\/wp-content\/uploads\/2025\/03\/rodo-obowiazek-informacyjny-fundacja.pdf\" target=\"_blank\" rel=\"noreferrer noopener\">Tre\u015b\u0107 informacji &#8211; kliknij.<\/a><\/p>\n\n\n\n<p><\/p>\n","protected":false},"excerpt":{"rendered":"<p>Szeroko poj\u0119ta troska o otoczenie wpisana jest w filozofi\u0119 dzia\u0142ania Solaris Bus &amp; Coach sp. z o.o. Firma w 2012 roku powo\u0142a\u0142a &#8222;Fundacj\u0119 Zielony Jamnik&nbsp;&#8211; na ratunek bezbronnym&#8221;. Od pocz\u0105tku swojego dzia\u0142ania Fundacja wspiera potrzebuj\u0105cych i bezbronnych. W\u015br\u00f3d jej beneficjent\u00f3w s\u0105 pracownicy Solarisa, mieszka\u0144cy wojew\u00f3dztwa wielkopolskiego, organizacje nios\u0105ce pomoc w sytuacjach nadzwyczajnych. W swoich aktywno\u015bciach fundacja wspiera ludzi nie zapominaj\u0105c jednak o zwierz\u0119tach. Pracami Fundacji kieruje Rada Fundacji, kt\u00f3rej cz\u0142onkowie dzia\u0142aj\u0105 dobrowolnie w ramach wolontariatu nie pobieraj\u0105c z tego tytu\u0142u jakiegokolwiek wynagrodzenia. Zgodnie z wymogami Rozporz\u0105dzenia&nbsp;Parlamentu Europejskiego i Rady (UE) 2016\/679 z dnia 27 kwietnia 2016 r. w sprawie ochrony os\u00f3b fizycznych w zwi\u0105zku z przetwarzaniem danych osobowych i w sprawie swobodnego przep\u0142ywu takich danych oraz uchylenia dyrektywy 95\/46\/WE, przekazujemy Pa\u0144stwu informacj\u0119 o przetwarzaniu danych osobowych darczy\u0144c\u00f3w, podopiecznych oraz os\u00f3b ubiegaj\u0105cych si\u0119 o pomoc od Fundacji. Uprzejmie prosimy o zapoznanie si\u0119 z jej tre\u015bci\u0105. Tre\u015b\u0107 informacji &#8211; kliknij.<\/p>\n","protected":false},"author":1,"featured_media":0,"parent":0,"menu_order":0,"comment_status":"closed","ping_status":"closed","template":"","meta":{"footnotes":""},"class_list":["post-1059","page","type-page","status-publish","hentry"],"_links":{"self":[{"href":"https:\/\/zielonyjamnik.pl\/index.php?rest_route=\/wp\/v2\/pages\/1059","targetHints":{"allow":["GET"]}}],"collection":[{"href":"https:\/\/zielonyjamnik.pl\/index.php?rest_route=\/wp\/v2\/pages"}],"about":[{"href":"https:\/\/zielonyjamnik.pl\/index.php?rest_route=\/wp\/v2\/types\/page"}],"author":[{"embeddable":true,"href":"https:\/\/zielonyjamnik.pl\/index.php?rest_route=\/wp\/v2\/users\/1"}],"replies":[{"embeddable":true,"href":"https:\/\/zielonyjamnik.pl\/index.php?rest_route=%2Fwp%2Fv2%2Fcomments&post=1059"}],"version-history":[{"count":3,"href":"https:\/\/zielonyjamnik.pl\/index.php?rest_route=\/wp\/v2\/pages\/1059\/revisions"}],"predecessor-version":[{"id":1530,"href":"https:\/\/zielonyjamnik.pl\/index.php?rest_route=\/wp\/v2\/pages\/1059\/revisions\/1530"}],"wp:attachment":[{"href":"https:\/\/zielonyjamnik.pl\/index.php?rest_route=%2Fwp%2Fv2%2Fmedia&parent=1059"}],"curies":[{"name":"wp","href":"https:\/\/api.w.org\/{rel}","templated":true}]}}