{"id":1061,"date":"2025-03-04T10:00:26","date_gmt":"2025-03-04T09:00:26","guid":{"rendered":"https:\/\/zielonyjamnik.pl\/?page_id=1061"},"modified":"2025-09-19T14:42:25","modified_gmt":"2025-09-19T12:42:25","slug":"misja","status":"publish","type":"page","link":"https:\/\/zielonyjamnik.pl\/?page_id=1061","title":{"rendered":"Misja"},"content":{"rendered":"\n<figure class=\"wp-block-image size-full is-resized\"><img fetchpriority=\"high\" decoding=\"async\" width=\"257\" height=\"213\" src=\"https:\/\/zielonyjamnik.pl\/wp-content\/uploads\/2025\/03\/mission8722.png\" alt=\"\" class=\"wp-image-1533\" style=\"width:209px;height:auto\"\/><\/figure>\n\n\n\n<p><em>Wielokrotnie podejmowali\u015bmy dzia\u0142ania, kt\u00f3re mia\u0142y na celu niesienie pomocy potrzebuj\u0105cym. Mo\u017cemy pochwali\u0107 si\u0119 sporym do\u015bwiadczeniem, zapa\u0142em i zaanga\u017cowaniem. Nasza aktywno\u015b\u0107 koncentruje si\u0119 przede wszystkim wok\u00f3\u0142 propagowania zdrowego trybu \u017cycia i odpowiada g\u0142\u00f3wnie na potrzeby lokalnej spo\u0142eczno\u015bci. Udzielamy bezpo\u015bredniej pomocy finansowej i rzeczowej najbardziej potrzebuj\u0105cym, prowadzimy programy edukacyjne, sprzeciwiamy si\u0119 wszelkim formom okrucie\u0144stwa wobec zwierz\u0105t. Utworzenie Fundacji &#8222;Zielony Jamnik &#8211; na ratunek bezbronnym&#8221; by\u0142o wyrazem \u00a0poczucia odpowiedzialno\u015bci oraz kolejnym krokiem w\u00a0kierunku profesjonalnego zarz\u0105dzania programami pomocowymi<\/em> &#8211; zadeklarowa\u0142a w 2012 roku Solange Olszewska, \u00f3wczesna Prezes Zarz\u0105du Fundacji.<br><br>T\u0119 sam\u0105 misj\u0119 realizuje obecna Prezes Zarz\u0105du Fundacji &#8211; Sylwia Kawecka.<\/p>\n\n\n\n<p><\/p>\n","protected":false},"excerpt":{"rendered":"<p>Wielokrotnie podejmowali\u015bmy dzia\u0142ania, kt\u00f3re mia\u0142y na celu niesienie pomocy potrzebuj\u0105cym. Mo\u017cemy pochwali\u0107 si\u0119 sporym do\u015bwiadczeniem, zapa\u0142em i zaanga\u017cowaniem. Nasza aktywno\u015b\u0107 koncentruje si\u0119 przede wszystkim wok\u00f3\u0142 propagowania zdrowego trybu \u017cycia i odpowiada g\u0142\u00f3wnie na potrzeby lokalnej spo\u0142eczno\u015bci. Udzielamy bezpo\u015bredniej pomocy finansowej i rzeczowej najbardziej potrzebuj\u0105cym, prowadzimy programy edukacyjne, sprzeciwiamy si\u0119 wszelkim formom okrucie\u0144stwa wobec zwierz\u0105t. Utworzenie Fundacji &#8222;Zielony Jamnik &#8211; na ratunek bezbronnym&#8221; by\u0142o wyrazem \u00a0poczucia odpowiedzialno\u015bci oraz kolejnym krokiem w\u00a0kierunku profesjonalnego zarz\u0105dzania programami pomocowymi &#8211; zadeklarowa\u0142a w 2012 roku Solange Olszewska, \u00f3wczesna Prezes Zarz\u0105du Fundacji. T\u0119 sam\u0105 misj\u0119 realizuje obecna Prezes Zarz\u0105du Fundacji &#8211; Sylwia Kawecka.<\/p>\n","protected":false},"author":1,"featured_media":0,"parent":0,"menu_order":0,"comment_status":"closed","ping_status":"closed","template":"","meta":{"footnotes":""},"class_list":["post-1061","page","type-page","status-publish","hentry"],"_links":{"self":[{"href":"https:\/\/zielonyjamnik.pl\/index.php?rest_route=\/wp\/v2\/pages\/1061","targetHints":{"allow":["GET"]}}],"collection":[{"href":"https:\/\/zielonyjamnik.pl\/index.php?rest_route=\/wp\/v2\/pages"}],"about":[{"href":"https:\/\/zielonyjamnik.pl\/index.php?rest_route=\/wp\/v2\/types\/page"}],"author":[{"embeddable":true,"href":"https:\/\/zielonyjamnik.pl\/index.php?rest_route=\/wp\/v2\/users\/1"}],"replies":[{"embeddable":true,"href":"https:\/\/zielonyjamnik.pl\/index.php?rest_route=%2Fwp%2Fv2%2Fcomments&post=1061"}],"version-history":[{"count":7,"href":"https:\/\/zielonyjamnik.pl\/index.php?rest_route=\/wp\/v2\/pages\/1061\/revisions"}],"predecessor-version":[{"id":1572,"href":"https:\/\/zielonyjamnik.pl\/index.php?rest_route=\/wp\/v2\/pages\/1061\/revisions\/1572"}],"wp:attachment":[{"href":"https:\/\/zielonyjamnik.pl\/index.php?rest_route=%2Fwp%2Fv2%2Fmedia&parent=1061"}],"curies":[{"name":"wp","href":"https:\/\/api.w.org\/{rel}","templated":true}]}}