{"id":1067,"date":"2025-03-04T10:01:55","date_gmt":"2025-03-04T09:01:55","guid":{"rendered":"https:\/\/zielonyjamnik.pl\/?page_id=1067"},"modified":"2025-03-04T15:15:43","modified_gmt":"2025-03-04T14:15:43","slug":"sprawozdania","status":"publish","type":"page","link":"https:\/\/zielonyjamnik.pl\/?page_id=1067","title":{"rendered":"Sprawozdania"},"content":{"rendered":"\n<p>Zapraszamy do zapoznania si\u0119 z tre\u015bci\u0105 sprawozda\u0144 mertytorycznych oraz finansowych dotycz\u0105cych dzia\u0142alno\u015bci &#8222;Fundacji Zielony Jamnik &#8211; na ratunek bezbronnym&#8221;.<\/p>\n\n\n\n<p><strong>2023<\/strong><\/p>\n\n\n\n<p><a href=\"\/wp-content\/uploads\/2025\/03\/spr_fin_2023_Fundacja_Zielony_Jamnik_wydruk.pdf\" target=\"_blank\" rel=\"noreferrer noopener\">Sprawozdanie finansowe<\/a> za rok obrotowy od 01.01. do 31.12.2023.<\/p>\n\n\n\n<p><a href=\"\/wp-content\/uploads\/2025\/03\/2023.12_sprawozdanie_z_dzialanosci_fundacji.pdf\" target=\"_blank\" rel=\"noreferrer noopener\">Sprawozdanie z dzia\u0142alno\u015bci<\/a> za rok obrotowy od 01.01. do 31.12.2023.<\/p>\n\n\n\n<p><strong>2022<\/strong><\/p>\n\n\n\n<p><a href=\"\/wp-content\/uploads\/2025\/03\/spr_fin_2022_fundacja_zielony_jamnik.pdf\" target=\"_blank\" rel=\"noreferrer noopener\">Sprawozdanie finansowe<\/a> za rok obrotowy od 01.01. do 31.12.2022.<\/p>\n\n\n\n<p><a href=\"\/wp-content\/uploads\/2025\/03\/sprawozdanie_z_dzialalnosci_fundacji_2022.pdf\" target=\"_blank\" rel=\"noreferrer noopener\">Sprawozdanie z dzia\u0142alno\u015bci<\/a> za rok obrotowy od 01.01. do 31.12.2022.<\/p>\n\n\n\n<p><strong>2021<\/strong><\/p>\n\n\n\n<p><a href=\"\/wp-content\/uploads\/2025\/03\/spr_fin_2021_fundacja_zielony_jamnik.pdf\" target=\"_blank\" rel=\"noreferrer noopener\">Sprawozdanie finansowe\u00a0<\/a>za rok obrotowy od 01.01. do 31.12.2021.<\/p>\n\n\n\n<p><a href=\"\/wp-content\/uploads\/2025\/03\/sprawozdanie-merytoryczne-fundacja-za-2021-r_.pdf\" target=\"_blank\" rel=\"noreferrer noopener\">Sprawozdanie z dzia\u0142alno\u015bci<\/a> za rok obrotowy od 01.01. do 31.12.2021.<\/p>\n\n\n\n<p><strong>2020<\/strong><\/p>\n\n\n\n<p><a href=\"\/wp-content\/uploads\/2025\/03\/2020_sprawozdanie_finansowe.pdf\" target=\"_blank\" rel=\"noreferrer noopener\">Sprawozdanie finansowe\u00a0<\/a>za rok obrotowy od 01.01. do 31.12.2020.<\/p>\n\n\n\n<p><a href=\"\/wp-content\/uploads\/2025\/03\/2020_sprawozdanie_dzial.pdf\" target=\"_blank\" rel=\"noreferrer noopener\">Sprawozdanie z dzia\u0142alno\u015bci<\/a> za rok obrotowy od 01.01. do 31.12.2020.<\/p>\n\n\n\n<p><strong>2019<\/strong><\/p>\n\n\n\n<p><a href=\"\/wp-content\/uploads\/2025\/03\/2019-sprawozdanie-finansowe.pdf\" target=\"_blank\" rel=\"noreferrer noopener\">Sprawozdanie finansowe\u00a0<\/a>za rok obrotowy od 01.01. do 31.12.2019.<\/p>\n\n\n\n<p><a href=\"\/wp-content\/uploads\/2025\/03\/2019-sprawozdanie-z-dzialalnosci.pdf\" target=\"_blank\" rel=\"noreferrer noopener\">Sprawozdanie z dzia\u0142alno\u015bci<\/a> za rok obrotowy od 01.01. do 31.12.2019.<\/p>\n\n\n\n<p><strong>2018<\/strong><\/p>\n\n\n\n<p><a href=\"\/wp-content\/uploads\/2025\/03\/2018_zielony_jamnik_sprawozdanie_finansowe.pdf\" target=\"_blank\" rel=\"noreferrer noopener\">Sprawozdanie finansowe<\/a>\u00a0za rok obrotowy od 01.01. do 31.12.2018.<\/p>\n\n\n\n<p><a href=\"\/wp-content\/uploads\/2025\/03\/2018-sprawozdanie-z-dzialalnosci.pdf\" target=\"_blank\" rel=\"noreferrer noopener\">Sprawozdanie z dzia\u0142alno\u015bci<\/a> za rok obrotowy od 01.01. do 31.12.2018.<\/p>\n\n\n\n<p><strong>2017<\/strong><\/p>\n\n\n\n<p><a href=\"\/wp-content\/uploads\/2025\/03\/sprawozdanie-merytoryczne-2017.pdf\" target=\"_blank\" rel=\"noreferrer noopener\">Sprawozdanie merytoryczne<\/a> z dzia\u0142alno\u015bci za rok obrotowy od 01.01. do 31.12.2017.<\/p>\n\n\n\n<p><a href=\"\/wp-content\/uploads\/2025\/03\/sprawozdanie-finansowe-2017.pdf\" target=\"_blank\" rel=\"noreferrer noopener\">Sprawozdanie finansowe<\/a>\u00a0za rok obrotowy od 01.01. do 31.12.2017.<\/p>\n\n\n\n<p><strong>2016<\/strong><\/p>\n\n\n\n<p><a href=\"\/wp-content\/uploads\/2025\/03\/2017_sprawozdanie-z-dzialalnosci.pdf\" target=\"_blank\" rel=\"noreferrer noopener\">Sprawozdanie merytoryczne<\/a> z dzia\u0142alno\u015bci za rok obrotowy od 01.01. do 31.12.2016.<\/p>\n\n\n\n<p><a href=\"\/wp-content\/uploads\/2025\/03\/2017_sprawozdanie-finansowe.pdf\" target=\"_blank\" rel=\"noreferrer noopener\">Sprawozdanie finansowe<\/a>\u00a0za rok obrotowy od 01.01. do 31.12.2016.\u00a0<\/p>\n\n\n\n<p><strong>2015<\/strong><\/p>\n\n\n\n<p><a href=\"\/wp-content\/uploads\/2025\/03\/sprawozdanie-z-dzialanosci-2015.pdf\" target=\"_blank\" rel=\"noreferrer noopener\">Sprawozdanie merytoryczne<\/a>\u00a0z dzia\u0142alno\u015bci za rok obrotowy od 01.01. do 31.12.2015.<\/p>\n\n\n\n<p><a href=\"\/wp-content\/uploads\/2025\/03\/sprawozdanie-finansowe-2015.pdf\" target=\"_blank\" rel=\"noreferrer noopener\">Sprawozdanie finansowe<\/a>\u00a0za rok obrotowy od 01.01. do 31.12.2015.\u00a0<\/p>\n\n\n\n<p><strong>2014<\/strong><\/p>\n\n\n\n<p><a href=\"\/wp-content\/uploads\/2025\/03\/sprawozdanie-z-dzialalnosci-za-2014.pdf\" target=\"_blank\" rel=\"noreferrer noopener\">Sprawozdanie merytoryczne<\/a> z dzia\u0142alno\u015bci za rok obrotowy od 01.01. do 31.12.2014.<\/p>\n\n\n\n<p><a href=\"\/wp-content\/uploads\/2025\/03\/sprawozdanie-finansowe-za-2014.pdf\" target=\"_blank\" rel=\"noreferrer noopener\">Sprawozdanie finansowe<\/a> za rok obrotowy od 01.01. do 31.12.2014.<\/p>\n\n\n\n<p><strong>2013<\/strong><\/p>\n\n\n\n<p><a href=\"\/wp-content\/uploads\/2025\/03\/fundacja_zielony_jamnik_sprawozdanie_merytoryczne_2013.pdf\" target=\"_blank\" rel=\"noreferrer noopener\">Sprawozdanie merytoryczne<\/a> z dzia\u0142alno\u015bci za rok obrotowy od 01.01. do 31.12.2013.<\/p>\n\n\n\n<p><a href=\"\/wp-content\/uploads\/2025\/03\/fundacja_zielony_jamnik_sprawozdanie_finansowe_2013.pdf\" target=\"_blank\" rel=\"noreferrer noopener\">Sprawozdanie finansowe<\/a> za rok obrotowy od 01.01. do 31.12.2013.<\/p>\n\n\n\n<p><strong>2012<\/strong><\/p>\n\n\n\n<p><a href=\"\/wp-content\/uploads\/2025\/03\/fundacja_zielony_jamnik_sprawozdanie_merytoryczne_2012.pdf\" target=\"_blank\" rel=\"noreferrer noopener\">Sprawozdanie merytoryczne<\/a> z dzia\u0142alno\u015bci za rok obrotowy od 31.01. do 31.12.2012.<\/p>\n\n\n\n<p><a href=\"\/wp-content\/uploads\/2025\/03\/fundacja_zielony_jamnik_sprawozdanie_finansowe_2012.pdf\" target=\"_blank\" rel=\"noreferrer noopener\">Sprawozdanie finansowe<\/a> za rok obrotowy od 31.01. do 31.12.2012.<\/p>\n","protected":false},"excerpt":{"rendered":"<p>Zapraszamy do zapoznania si\u0119 z tre\u015bci\u0105 sprawozda\u0144 mertytorycznych oraz finansowych dotycz\u0105cych dzia\u0142alno\u015bci &#8222;Fundacji Zielony Jamnik &#8211; na ratunek bezbronnym&#8221;. 2023 Sprawozdanie finansowe za rok obrotowy od 01.01. do 31.12.2023. Sprawozdanie z dzia\u0142alno\u015bci za rok obrotowy od 01.01. do 31.12.2023. 2022 Sprawozdanie finansowe za rok obrotowy od 01.01. do 31.12.2022. Sprawozdanie z dzia\u0142alno\u015bci za rok obrotowy od 01.01. do 31.12.2022. 2021 Sprawozdanie finansowe\u00a0za rok obrotowy od 01.01. do 31.12.2021. Sprawozdanie z dzia\u0142alno\u015bci za rok obrotowy od 01.01. do 31.12.2021. 2020 Sprawozdanie finansowe\u00a0za rok obrotowy od 01.01. do 31.12.2020. Sprawozdanie z dzia\u0142alno\u015bci za rok obrotowy od 01.01. do 31.12.2020. 2019 Sprawozdanie finansowe\u00a0za rok obrotowy od 01.01. do 31.12.2019. Sprawozdanie z dzia\u0142alno\u015bci za rok obrotowy od 01.01. do 31.12.2019. 2018 Sprawozdanie finansowe\u00a0za rok obrotowy od 01.01. do 31.12.2018. Sprawozdanie z dzia\u0142alno\u015bci za rok obrotowy od 01.01. do 31.12.2018. 2017 Sprawozdanie merytoryczne z dzia\u0142alno\u015bci za rok obrotowy od 01.01. do 31.12.2017. Sprawozdanie finansowe\u00a0za rok obrotowy od 01.01. do 31.12.2017. 2016 Sprawozdanie merytoryczne z dzia\u0142alno\u015bci za rok obrotowy od 01.01. do 31.12.2016. Sprawozdanie finansowe\u00a0za rok obrotowy od 01.01. do 31.12.2016.\u00a0 2015 Sprawozdanie merytoryczne\u00a0z dzia\u0142alno\u015bci za rok obrotowy od 01.01. do 31.12.2015. Sprawozdanie finansowe\u00a0za rok obrotowy od 01.01. do 31.12.2015.\u00a0 2014 Sprawozdanie merytoryczne z dzia\u0142alno\u015bci za rok obrotowy od 01.01. do 31.12.2014. Sprawozdanie finansowe za rok obrotowy od 01.01. do 31.12.2014. 2013 Sprawozdanie merytoryczne z dzia\u0142alno\u015bci za rok obrotowy od 01.01. do 31.12.2013. Sprawozdanie finansowe za rok obrotowy od 01.01. do 31.12.2013. 2012 Sprawozdanie merytoryczne z dzia\u0142alno\u015bci za rok obrotowy od 31.01. do 31.12.2012. Sprawozdanie finansowe za rok obrotowy od 31.01. do 31.12.2012.<\/p>\n","protected":false},"author":1,"featured_media":0,"parent":0,"menu_order":0,"comment_status":"closed","ping_status":"closed","template":"","meta":{"footnotes":""},"class_list":["post-1067","page","type-page","status-publish","hentry"],"_links":{"self":[{"href":"https:\/\/zielonyjamnik.pl\/index.php?rest_route=\/wp\/v2\/pages\/1067","targetHints":{"allow":["GET"]}}],"collection":[{"href":"https:\/\/zielonyjamnik.pl\/index.php?rest_route=\/wp\/v2\/pages"}],"about":[{"href":"https:\/\/zielonyjamnik.pl\/index.php?rest_route=\/wp\/v2\/types\/page"}],"author":[{"embeddable":true,"href":"https:\/\/zielonyjamnik.pl\/index.php?rest_route=\/wp\/v2\/users\/1"}],"replies":[{"embeddable":true,"href":"https:\/\/zielonyjamnik.pl\/index.php?rest_route=%2Fwp%2Fv2%2Fcomments&post=1067"}],"version-history":[{"count":13,"href":"https:\/\/zielonyjamnik.pl\/index.php?rest_route=\/wp\/v2\/pages\/1067\/revisions"}],"predecessor-version":[{"id":1248,"href":"https:\/\/zielonyjamnik.pl\/index.php?rest_route=\/wp\/v2\/pages\/1067\/revisions\/1248"}],"wp:attachment":[{"href":"https:\/\/zielonyjamnik.pl\/index.php?rest_route=%2Fwp%2Fv2%2Fmedia&parent=1067"}],"curies":[{"name":"wp","href":"https:\/\/api.w.org\/{rel}","templated":true}]}}