{"id":1069,"date":"2025-03-04T10:04:49","date_gmt":"2025-03-04T09:04:49","guid":{"rendered":"https:\/\/zielonyjamnik.pl\/?page_id=1069"},"modified":"2025-03-06T09:51:51","modified_gmt":"2025-03-06T08:51:51","slug":"wolontariat","status":"publish","type":"page","link":"https:\/\/zielonyjamnik.pl\/?page_id=1069","title":{"rendered":"Wolontariat"},"content":{"rendered":"\n<p><strong>WOLONTARIAT&nbsp; &#8211; ZYSKUJESZ WIECEJ NI\u017b MY\u015aLISZ!<\/strong><\/p>\n\n\n\n<figure class=\"wp-block-image size-full is-resized\"><img fetchpriority=\"high\" decoding=\"async\" width=\"301\" height=\"235\" src=\"https:\/\/zielonyjamnik.pl\/wp-content\/uploads\/2025\/03\/voluntary3129.webp\" alt=\"\" class=\"wp-image-1190\" style=\"width:135px;height:auto\"\/><\/figure>\n\n\n\n<p>Oczywi\u015bcie z samej definicji, praca w ramach wolontariatu jest dobrowolna i\u00a0bezp\u0142atna, ale pracuj\u0105c samodzielnie lub w grupie na rzecz drugiego cz\u0142owieka lub ca\u0142ego spo\u0142ecze\u0144stwa mo\u017cesz zyska\u0107 ogromn\u0105 satysfakcj\u0119, rado\u015b\u0107 pomagania, uznanie, a tak\u017ce wiele cennych umiej\u0119tno\u015bci, kt\u00f3re mog\u0105 okaza\u0107 si\u0119 bezcenne w \u017cyciu zawodowym i prywatnym! Zdobywasz nowych przyjaci\u00f3\u0142, z kt\u00f3rymi \u0142\u0105czy Ci\u0119 wsp\u00f3lny cel i do\u015bwiadczenia, wiedz\u0119 o\u00a0otaczaj\u0105cym Ci\u0119 \u015bwiecie, kt\u00f3ra pozwala zobaczy\u0107 go w zupe\u0142nie innych brawach, a tak\u017ce bezcenne w dzisiejszych czasach poczucie, \u017ce Twoja praca ma sens, \u017ce mo\u017cesz samodzielnie zrobi\u0107 co\u015b, by zmieni\u0107 \u015bwiat! Jako wolontariusz, rozwijasz swoje talenty i zyskujesz umiej\u0119tno\u015bci cenne w\u00a0rozwijaniu kariery zawodowej, takie jak praca w zespole, nawi\u0105zywanie kontakt\u00f3w interpersonalnych, organizowanie i koordynowanie zada\u0144 zespo\u0142u, nadz\u00f3r nad projektem, znajomo\u015b\u0107 program\u00f3w do prowadzenia biura, nierzadko nauka j\u0119zyk\u00f3w obcych\u2026 A wi\u0119c tym samym Twoja pozycja na rynku pracy ro\u015bnie!<br>W ostatnich latach popularno\u015b\u0107 zyskuje r\u00f3wnie\u017c tzw. wolontariat pracowniczy &#8211; kt\u00f3ry cechuje fakt, i\u017c firma dodatkowo motywuje i wspiera swoich pracownik\u00f3w w ich dzia\u0142aniach np. merytorycznie, organizacyjnie, logistycznie czy finansowo.<\/p>\n\n\n\n<p>Zanim podejmiesz decyzj\u0119 o podj\u0119ciu pracy, jako wolontariusz, dobrze przemy\u015bl swoj\u0105 motywacj\u0119 i oczekiwania, oce\u0144 i zaplanuj wolny czas, jaki&nbsp;mo\u017cesz przeznaczy\u0107 na prac\u0119, zapoznaj si\u0119 z przepisami prawa, reguluj\u0105cymi wolontariat, a tak\u017ce dowiedz si\u0119, czy specyfika Twojej pracy wolontariusza, nie b\u0119dzie wymaga\u0142a ubezpieczenia (towarzystwa ubezpieczeniowe maj\u0105 ofert\u0119 w tym zakresie).<\/p>\n\n\n\n<p><\/p>\n","protected":false},"excerpt":{"rendered":"<p>WOLONTARIAT&nbsp; &#8211; ZYSKUJESZ WIECEJ NI\u017b MY\u015aLISZ! Oczywi\u015bcie z samej definicji, praca w ramach wolontariatu jest dobrowolna i\u00a0bezp\u0142atna, ale pracuj\u0105c samodzielnie lub w grupie na rzecz drugiego cz\u0142owieka lub ca\u0142ego spo\u0142ecze\u0144stwa mo\u017cesz zyska\u0107 ogromn\u0105 satysfakcj\u0119, rado\u015b\u0107 pomagania, uznanie, a tak\u017ce wiele cennych umiej\u0119tno\u015bci, kt\u00f3re mog\u0105 okaza\u0107 si\u0119 bezcenne w \u017cyciu zawodowym i prywatnym! Zdobywasz nowych przyjaci\u00f3\u0142, z kt\u00f3rymi \u0142\u0105czy Ci\u0119 wsp\u00f3lny cel i do\u015bwiadczenia, wiedz\u0119 o\u00a0otaczaj\u0105cym Ci\u0119 \u015bwiecie, kt\u00f3ra pozwala zobaczy\u0107 go w zupe\u0142nie innych brawach, a tak\u017ce bezcenne w dzisiejszych czasach poczucie, \u017ce Twoja praca ma sens, \u017ce mo\u017cesz samodzielnie zrobi\u0107 co\u015b, by zmieni\u0107 \u015bwiat! Jako wolontariusz, rozwijasz swoje talenty i zyskujesz umiej\u0119tno\u015bci cenne w\u00a0rozwijaniu kariery zawodowej, takie jak praca w zespole, nawi\u0105zywanie kontakt\u00f3w interpersonalnych, organizowanie i koordynowanie zada\u0144 zespo\u0142u, nadz\u00f3r nad projektem, znajomo\u015b\u0107 program\u00f3w do prowadzenia biura, nierzadko nauka j\u0119zyk\u00f3w obcych\u2026 A wi\u0119c tym samym Twoja pozycja na rynku pracy ro\u015bnie!W ostatnich latach popularno\u015b\u0107 zyskuje r\u00f3wnie\u017c tzw. wolontariat pracowniczy &#8211; kt\u00f3ry cechuje fakt, i\u017c firma dodatkowo motywuje i wspiera swoich pracownik\u00f3w w ich dzia\u0142aniach np. merytorycznie, organizacyjnie, logistycznie czy finansowo. Zanim podejmiesz decyzj\u0119 o podj\u0119ciu pracy, jako wolontariusz, dobrze przemy\u015bl swoj\u0105 motywacj\u0119 i oczekiwania, oce\u0144 i zaplanuj wolny czas, jaki&nbsp;mo\u017cesz przeznaczy\u0107 na prac\u0119, zapoznaj si\u0119 z przepisami prawa, reguluj\u0105cymi wolontariat, a tak\u017ce dowiedz si\u0119, czy specyfika Twojej pracy wolontariusza, nie b\u0119dzie wymaga\u0142a ubezpieczenia (towarzystwa ubezpieczeniowe maj\u0105 ofert\u0119 w tym zakresie).<\/p>\n","protected":false},"author":1,"featured_media":0,"parent":0,"menu_order":0,"comment_status":"closed","ping_status":"closed","template":"","meta":{"footnotes":""},"class_list":["post-1069","page","type-page","status-publish","hentry"],"_links":{"self":[{"href":"https:\/\/zielonyjamnik.pl\/index.php?rest_route=\/wp\/v2\/pages\/1069","targetHints":{"allow":["GET"]}}],"collection":[{"href":"https:\/\/zielonyjamnik.pl\/index.php?rest_route=\/wp\/v2\/pages"}],"about":[{"href":"https:\/\/zielonyjamnik.pl\/index.php?rest_route=\/wp\/v2\/types\/page"}],"author":[{"embeddable":true,"href":"https:\/\/zielonyjamnik.pl\/index.php?rest_route=\/wp\/v2\/users\/1"}],"replies":[{"embeddable":true,"href":"https:\/\/zielonyjamnik.pl\/index.php?rest_route=%2Fwp%2Fv2%2Fcomments&post=1069"}],"version-history":[{"count":6,"href":"https:\/\/zielonyjamnik.pl\/index.php?rest_route=\/wp\/v2\/pages\/1069\/revisions"}],"predecessor-version":[{"id":1528,"href":"https:\/\/zielonyjamnik.pl\/index.php?rest_route=\/wp\/v2\/pages\/1069\/revisions\/1528"}],"wp:attachment":[{"href":"https:\/\/zielonyjamnik.pl\/index.php?rest_route=%2Fwp%2Fv2%2Fmedia&parent=1069"}],"curies":[{"name":"wp","href":"https:\/\/api.w.org\/{rel}","templated":true}]}}