{"id":1071,"date":"2025-03-04T10:05:07","date_gmt":"2025-03-04T09:05:07","guid":{"rendered":"https:\/\/zielonyjamnik.pl\/?page_id=1071"},"modified":"2025-09-19T14:46:49","modified_gmt":"2025-09-19T12:46:49","slug":"darowizny","status":"publish","type":"page","link":"https:\/\/zielonyjamnik.pl\/?page_id=1071","title":{"rendered":"Darowizny"},"content":{"rendered":"\n<figure class=\"wp-block-image size-full is-resized\"><img fetchpriority=\"high\" decoding=\"async\" width=\"257\" height=\"200\" src=\"https:\/\/zielonyjamnik.pl\/wp-content\/uploads\/2025\/03\/darowizny72.webp\" alt=\"\" class=\"wp-image-1179\" style=\"width:221px;height:auto\"\/><\/figure>\n\n\n\n<p>Pami\u0119taj, ze ofiarowuj\u0105c darowizn\u0119 pomagasz potrzebuj\u0105cym, ale r\u00f3wnie\u017c mo\u017cesz odnie\u015b\u0107 z tego tytu\u0142u znacz\u0105ce ulgi podatkowe.<\/p>\n\n\n\n<p>Nasza Fundacja realizuje cele okre\u015blone w ustawie o dzia\u0142alno\u015bci na rzecz po\u017cytku publicznego, dzi\u0119ki czemu darczy\u0144ca mo\u017ce wp\u0142acon\u0105 darowizn\u0119 odliczy\u0107 od dochodu (szczeg\u00f3\u0142owe uregulowania poni\u017cej).<\/p>\n\n\n\n<p>Darowizna nie mo\u017ce by\u0107 przekazana bezpo\u015brednio obdarowanemu &#8211;&nbsp;podopiecznemu Fundacji, na jego prywatne konto. Mo\u017ce by\u0107 wp\u0142acona na&nbsp;konto Fundacji z tytu\u0142em wp\u0142aty og\u00f3lnie &#8222;na cele statutowe&#8221;, lub z tzw. poleceniem, gdzie wskazuje si\u0119 konkretn\u0105 osob\u0119 podopieczn\u0105 Fundacji.<\/p>\n\n\n\n<p>W przypadku darowizny pieni\u0119\u017cnej wysoko\u015b\u0107 darowizny musi by\u0107 udokumentowana dowodem wp\u0142aty na rachunek bankowy Fundacji. Z&nbsp;dowodu wp\u0142aty powinno jasno wynika\u0107, kto, komu, ile i kiedy wp\u0142aca\u0142 (przelew bankowy te elementy zawiera standardowo). W przypadku darowizny rzeczowej wysoko\u015b\u0107 wydatk\u00f3w okre\u015bla dokument, z kt\u00f3rego ta warto\u015b\u0107 jasno wynika.<br><br>Dla os\u00f3b fizycznych:<\/p>\n\n\n\n<p>Zgodnie z art. 26 ust.1 pkt. 9 ppkt. a) ustawy o podatku dochodowym od os\u00f3b fizycznych, darowizn\u0119 na rzecz zarejestrowanych fundacji realizuj\u0105cych cele po\u017cytku publicznego (jak\u0105 jest nasza Fundacja) mo\u017cesz odliczy\u0107 od dochodu do kwoty stanowi\u0105cej nie wi\u0119cej ni\u017c 6% dochodu.<\/p>\n\n\n\n<p>Dla os\u00f3b prawnych (firm):<\/p>\n\n\n\n<p>Zgodnie z art. 18 ust.1 pkt.1 i ust. 1a ustawy o podatku dochodowym od os\u00f3b prawnych, darowizn\u0119 na rzecz zarejestrowanych fundacji realizuj\u0105cych cele po\u017cytku publicznego mo\u017cesz odliczy\u0107 od dochodu do kwoty stanowi\u0105cej nie wi\u0119cej ni\u017c 10% dochodu.<\/p>\n\n\n\n<p>Odliczenie darowizn\u00a0stosuje si\u0119, je\u017celi wysoko\u015b\u0107 darowizny jest udokumentowana dowodem wp\u0142aty na rachunek p\u0142atniczy obdarowanego lub jego rachunek w banku, inny ni\u017c rachunek p\u0142atniczy, a w przypadku darowizny innej ni\u017c pieni\u0119\u017cna &#8211; dokumentem, z kt\u00f3rego wynika warto\u015b\u0107 tej darowizny, oraz o\u015bwiadczeniem obdarowanego o jej przyj\u0119ciu. Dodatkowo Fundacja ka\u017cdemu darczy\u0144cy przekazuje o\u015bwiadczenie o przyj\u0119tej darowi\u017anie na cele statutowe wraz z podzi\u0119kowaniem..<\/p>\n\n\n\n<p>Informujemy tak\u017ce naszych darczy\u0144c\u00f3w, \u017ce jeste\u015bmy w trakcie starania si\u0119 o&nbsp;status organizacji po\u017cytku publicznego dla naszej Fundacji (tzw. OPP), jednak do czasu otrzymania tego statusu nie jest mo\u017cliwe przekazywanie 1% podatku.<br><br><\/p>\n","protected":false},"excerpt":{"rendered":"<p>Pami\u0119taj, ze ofiarowuj\u0105c darowizn\u0119 pomagasz potrzebuj\u0105cym, ale r\u00f3wnie\u017c mo\u017cesz odnie\u015b\u0107 z tego tytu\u0142u znacz\u0105ce ulgi podatkowe. Nasza Fundacja realizuje cele okre\u015blone w ustawie o dzia\u0142alno\u015bci na rzecz po\u017cytku publicznego, dzi\u0119ki czemu darczy\u0144ca mo\u017ce wp\u0142acon\u0105 darowizn\u0119 odliczy\u0107 od dochodu (szczeg\u00f3\u0142owe uregulowania poni\u017cej). Darowizna nie mo\u017ce by\u0107 przekazana bezpo\u015brednio obdarowanemu &#8211;&nbsp;podopiecznemu Fundacji, na jego prywatne konto. Mo\u017ce by\u0107 wp\u0142acona na&nbsp;konto Fundacji z tytu\u0142em wp\u0142aty og\u00f3lnie &#8222;na cele statutowe&#8221;, lub z tzw. poleceniem, gdzie wskazuje si\u0119 konkretn\u0105 osob\u0119 podopieczn\u0105 Fundacji. W przypadku darowizny pieni\u0119\u017cnej wysoko\u015b\u0107 darowizny musi by\u0107 udokumentowana dowodem wp\u0142aty na rachunek bankowy Fundacji. Z&nbsp;dowodu wp\u0142aty powinno jasno wynika\u0107, kto, komu, ile i kiedy wp\u0142aca\u0142 (przelew bankowy te elementy zawiera standardowo). W przypadku darowizny rzeczowej wysoko\u015b\u0107 wydatk\u00f3w okre\u015bla dokument, z kt\u00f3rego ta warto\u015b\u0107 jasno wynika. Dla os\u00f3b fizycznych: Zgodnie z art. 26 ust.1 pkt. 9 ppkt. a) ustawy o podatku dochodowym od os\u00f3b fizycznych, darowizn\u0119 na rzecz zarejestrowanych fundacji realizuj\u0105cych cele po\u017cytku publicznego (jak\u0105 jest nasza Fundacja) mo\u017cesz odliczy\u0107 od dochodu do kwoty stanowi\u0105cej nie wi\u0119cej ni\u017c 6% dochodu. Dla os\u00f3b prawnych (firm): Zgodnie z art. 18 ust.1 pkt.1 i ust. 1a ustawy o podatku dochodowym od os\u00f3b prawnych, darowizn\u0119 na rzecz zarejestrowanych fundacji realizuj\u0105cych cele po\u017cytku publicznego mo\u017cesz odliczy\u0107 od dochodu do kwoty stanowi\u0105cej nie wi\u0119cej ni\u017c 10% dochodu. Odliczenie darowizn\u00a0stosuje si\u0119, je\u017celi wysoko\u015b\u0107 darowizny jest udokumentowana dowodem wp\u0142aty na rachunek p\u0142atniczy obdarowanego lub jego rachunek w banku, inny ni\u017c rachunek p\u0142atniczy, a w przypadku darowizny innej ni\u017c pieni\u0119\u017cna &#8211; dokumentem, z kt\u00f3rego wynika warto\u015b\u0107 tej darowizny, oraz o\u015bwiadczeniem obdarowanego o jej przyj\u0119ciu. Dodatkowo Fundacja ka\u017cdemu darczy\u0144cy przekazuje o\u015bwiadczenie o przyj\u0119tej darowi\u017anie na cele statutowe wraz z podzi\u0119kowaniem.. Informujemy tak\u017ce naszych darczy\u0144c\u00f3w, \u017ce jeste\u015bmy w trakcie starania si\u0119 o&nbsp;status organizacji po\u017cytku publicznego dla naszej Fundacji (tzw. OPP), jednak do czasu otrzymania tego statusu nie jest mo\u017cliwe przekazywanie 1% podatku.<\/p>\n","protected":false},"author":1,"featured_media":0,"parent":0,"menu_order":0,"comment_status":"closed","ping_status":"closed","template":"","meta":{"footnotes":""},"class_list":["post-1071","page","type-page","status-publish","hentry"],"_links":{"self":[{"href":"https:\/\/zielonyjamnik.pl\/index.php?rest_route=\/wp\/v2\/pages\/1071","targetHints":{"allow":["GET"]}}],"collection":[{"href":"https:\/\/zielonyjamnik.pl\/index.php?rest_route=\/wp\/v2\/pages"}],"about":[{"href":"https:\/\/zielonyjamnik.pl\/index.php?rest_route=\/wp\/v2\/types\/page"}],"author":[{"embeddable":true,"href":"https:\/\/zielonyjamnik.pl\/index.php?rest_route=\/wp\/v2\/users\/1"}],"replies":[{"embeddable":true,"href":"https:\/\/zielonyjamnik.pl\/index.php?rest_route=%2Fwp%2Fv2%2Fcomments&post=1071"}],"version-history":[{"count":8,"href":"https:\/\/zielonyjamnik.pl\/index.php?rest_route=\/wp\/v2\/pages\/1071\/revisions"}],"predecessor-version":[{"id":1576,"href":"https:\/\/zielonyjamnik.pl\/index.php?rest_route=\/wp\/v2\/pages\/1071\/revisions\/1576"}],"wp:attachment":[{"href":"https:\/\/zielonyjamnik.pl\/index.php?rest_route=%2Fwp%2Fv2%2Fmedia&parent=1071"}],"curies":[{"name":"wp","href":"https:\/\/api.w.org\/{rel}","templated":true}]}}